
	
	{"id":8,"date":"2013-10-24T13:39:23","date_gmt":"2013-10-24T12:39:23","guid":{"rendered":"https:\/\/www.expertise-adn.fr\/?page_id=8"},"modified":"2017-01-18T11:03:22","modified_gmt":"2017-01-18T10:03:22","slug":"analyses-adn","status":"publish","type":"page","link":"https:\/\/www.expertise-adn.fr\/en\/analyses-adn\/","title":{"rendered":"Analyses ADN"},"content":{"rendered":"<h2>Recherches et pr\u00e9l\u00e8vements de traces biologiques<\/h2>\n<p>&nbsp;<\/p>\n<p style=\"text-align: justify;\">L\u2019ADN d\u2019une personne peut \u00eatre transf\u00e9r\u00e9 par contact sur des objets ou sur des personnes. Cet ADN provient des cellules issues de diff\u00e9rentes matrices, le sang, le sperme, les \u00e9l\u00e9ments pileux, les cellules \u00e9pith\u00e9liales.<\/p>\n<p style=\"text-align: justify;\">Ces matrices sont mises en \u00e9vidence par :<\/p>\n<ul>\n<li><strong>Des r\u00e9actions chimiques :<\/strong>\n<ul>\n<li>le sang par la r\u00e9action de Kastle Meyer ou par le Luminol<\/li>\n<li>le sperme par la r\u00e9action \u00e0 la Brentamine<\/li>\n<\/ul>\n<\/li>\n<li><strong>Une recherche microscopique :<\/strong>\n<ul>\n<li>les \u00e9l\u00e9ments pileux<\/li>\n<li>les spermatozo\u00efdes<\/li>\n<\/ul>\n<\/li>\n<\/ul>\n<p style=\"text-align: justify;\">Les cellules \u00e9pith\u00e9liales sont pr\u00e9lev\u00e9es dans des zones o\u00f9 les cellules pourraient avoir \u00e9t\u00e9 d\u00e9pos\u00e9es.<\/p>\n<p style=\"text-align: justify;\">Il existe trois protocoles de pr\u00e9l\u00e8vements :<\/p>\n<ul>\n<li><strong>L\u2019\u00e9chantillonnage :<\/strong> consiste \u00e0 pr\u00e9lever plusieurs taches pr\u00e9sentant des caract\u00e9ristiques morphologiques diff\u00e9rentes et localis\u00e9es dans diff\u00e9rentes zones.<\/li>\n<li><strong>Le ciblage :<\/strong> consiste \u00e0 pr\u00e9lever des cellules \u00e9pith\u00e9liales dans les zones les plus favorables \u00e0 un contact d\u2019une personne sur un objet ou d\u2019une personne sur une autre personne.<\/li>\n<li><strong>Le quadrillage :<\/strong> consiste \u00e0 r\u00e9aliser un quadrillage du support et \u00e0 effectuer un pr\u00e9l\u00e8vement de chacune des zones ainsi d\u00e9finies.<\/li>\n<\/ul>\n<p>&nbsp;<\/p>\n<h2>La Microdissection laser<strong><br \/>\n<\/strong><\/h2>\n<p>&nbsp;<\/p>\n<p style=\"text-align: justify;\"><img loading=\"lazy\" decoding=\"async\" class=\"alignright size-full wp-image-237\" src=\"https:\/\/www.expertise-adn.fr\/wp-content\/uploads\/2013\/10\/expertise-microdissection-laser1.jpg\" alt=\"Microdissection laser\" width=\"340\" height=\"250\" srcset=\"https:\/\/www.expertise-adn.fr\/wp-content\/uploads\/2013\/10\/expertise-microdissection-laser1.jpg 340w, https:\/\/www.expertise-adn.fr\/wp-content\/uploads\/2013\/10\/expertise-microdissection-laser1-300x220.jpg 300w\" sizes=\"(max-width: 340px) 100vw, 340px\" \/>La microdissection laser est une technologie relativement r\u00e9cente et complexe qui permet d\u2019isoler une cellule au moyen d\u2019un faisceau laser afin de pouvoir notamment s\u2019affranchir des m\u00e9langes ADN.<\/p>\n<p style=\"text-align: justify;\">Cette technique repose sur l\u2019utilisation d\u2019un laser InfraRouge (faible \u00e9nergie) qui permet la capture de cellules par adh\u00e9sion sur un film plastique. Cette technologie, particuli\u00e8rement adapt\u00e9e \u00e0 l\u2019isolement de cellules uniques, permet de pr\u00e9server l\u2019int\u00e9grit\u00e9 de l\u2019ADN.<\/p>\n<p>&nbsp;<\/p>\n<h2 style=\"text-align: justify;\">Analyses<\/h2>\n<p>&nbsp;<\/p>\n<h3 style=\"text-align: justify;\">Analyse de l\u2019ADN nucl\u00e9aire<\/h3>\n<p style=\"text-align: justify;\">Le g\u00e9nome des cellules humaines comporte des s\u00e9quences r\u00e9p\u00e9t\u00e9es qui varient selon leur taille. Ces unit\u00e9s r\u00e9p\u00e9titives comportent aujourd\u2019hui 3 \u00e0 5 pb. Chaque all\u00e8le est d\u00e9fini par son nombre d\u2019unit\u00e9s r\u00e9p\u00e9titives\u00a0(12, 13, 14&#8230;, 17). L\u2019analyse de l\u2019ADN nucl\u00e9aire ou autosomal repose sur l\u2019\u00e9tude d\u2019un certain nombre de loci. Cette analyse permet d\u2019\u00e9tablir un g\u00e9notype propre \u00e0 chaque individu. L\u2019empreinte g\u00e9n\u00e9tique est le r\u00e9sultat de l\u2019\u00e9tude de plusieurs loci.<\/p>\n<h3 style=\"text-align: justify;\">Analyse du Chromosome X<\/h3>\n<p style=\"text-align: justify;\">Le chromosome sexuel X est pr\u00e9sent dans toutes les cellules nucl\u00e9\u00e9es de tous les individus masculins et f\u00e9minins. Une femme poss\u00e8de deux chromosomes X et l\u2019homme, un chromosome X et un chromosome Y. L\u2019analyse de STR (Short Tandem Repeat) sp\u00e9cifiques de ce chromosome permet d\u2019\u00e9tudier un certain nombre de loci.<\/p>\n<p style=\"text-align: justify;\">L\u2019analyse de ces marqueurs sp\u00e9cifiques du chromosome X est r\u00e9alis\u00e9e en compl\u00e9ment des analyses autosomales dans le cas de filiations complexes et des identifications de cadavre.<\/p>\n<h3 style=\"text-align: justify;\">Analyse du chromosome Y<\/h3>\n<p style=\"text-align: justify;\">L\u2019analyse du chromosome sexuel Y permet l\u2019identification d\u2019individus de sexe masculin \u00e0 partir de l\u2019\u00e9tude d\u2019un certain nombre de loci. Cette \u00e9tude permet la d\u00e9termination d\u2019un haplotype Y ou profil ADN Y. Cette analyse est beaucoup plus sensible que l\u2019analyse de l\u2019ADN nucl\u00e9aire mais permet uniquement d\u2019\u00e9tablir une lign\u00e9e paternelle.<\/p>\n<h3 style=\"text-align: justify;\">Analyse de l&#8217;ADN mitochondrial<\/h3>\n<p style=\"text-align: justify;\">L\u2019analyse de cet ADN permet d\u2019\u00e9tablir une lign\u00e9e maternelle. Cet ADN ne poss\u00e8de pas d\u2019unit\u00e9s r\u00e9p\u00e9titives. On \u00e9tudie deux r\u00e9gions hypervariables HV1 et HV2 par s\u00e9quen\u00e7age, les r\u00e9sultats sont obtenus par comparaison avec une s\u00e9quence de r\u00e9f\u00e9rence. Cette comparaison permet d\u2019\u00e9tablir des diff\u00e9rences entre les s\u00e9quences analys\u00e9es et la s\u00e9quence de r\u00e9f\u00e9rence (Anderson).<\/p>\n<h3>Analyse du Cytochrome B<\/h3>\n<p style=\"text-align: justify;\">Cette analyse est appliqu\u00e9e pour l\u2019identification des esp\u00e8ces.<\/p>\n<h3 style=\"text-align: justify;\">Analyse des caract\u00e8res morphologiques apparents<\/h3>\n<p>Cette analyse repose sur l&#8217;\u00e9tude des SNP (Single Nucleotide Polymorphism), c&#8217;est \u00e0 dire la variation d&#8217;une seule base situ\u00e9e sur un locus (r\u00e9gion de l&#8217;ADN). Afin de d\u00e9finir les caract\u00e8res morphologiques apparents, l&#8217;\u00e9tude est r\u00e9alis\u00e9e sur plusieurs de ces variations ponctuelles, au niveau des loci des chromosomes autosomes, impliqu\u00e9es dans la pigmentation.<\/p>\n<p>Le d\u00e9partement Recherche et Innovation du laboratoire a \u00e9tudi\u00e9 diff\u00e9rents caract\u00e8res morphologiques apparents portant sur la pigmentation et propose d&#8217;analyser :<\/p>\n<p>&#8211; la couleur des yeux<\/p>\n<p>&#8211; la couleur des cheveux<\/p>\n<p>&#8211; la couleur de la peau<\/p>\n<p>Des recherches en cours dans notre laboratoire et dans des laboratoires de recherche europ\u00e9ens permettront dans un avenir tr\u00e8s proche d&#8217;augmenter le nombre de ces caract\u00e8res morphologiques apparents.<\/p>\n<p>Cependant il est important de souligner que l&#8217;analyse des caract\u00e8res morphologiques apparents peut \u00eatre r\u00e9alis\u00e9e \u00e0 partir d&#8217;une trace biologique:<\/p>\n<p>&#8211; en compl\u00e9ment d&#8217;une expertise afin d&#8217;apporter une aide \u00e0 l&#8217;enqu\u00eate<\/p>\n<p>&#8211; sur des traces biologiques pour lesquelles l&#8217;analyse g\u00e9n\u00e9tique a permis d&#8217;obtenir un profil ADN unique<\/p>\n<p>Cette analyse qui permet d&#8217;estimer les caract\u00e8res morphologiques apparents n&#8217;est pas enregistrable au FNAEG (Fichier National Automatis\u00e9 des Empreintes G\u00e9n\u00e9tiques).<\/p>\n","protected":false},"excerpt":{"rendered":"<p>Recherches et pr\u00e9l\u00e8vements de traces biologiques &nbsp; L\u2019ADN d\u2019une personne peut \u00eatre transf\u00e9r\u00e9 par contact sur des objets ou sur des personnes. Cet ADN provient des cellules issues de diff\u00e9rentes matrices, le sang, le sperme,&#8230;<\/p>\n","protected":false},"author":3,"featured_media":210,"parent":0,"menu_order":0,"comment_status":"open","ping_status":"open","template":"","meta":{"footnotes":""},"acf":[],"aioseo_notices":[],"_links":{"self":[{"href":"https:\/\/www.expertise-adn.fr\/en\/wp-json\/wp\/v2\/pages\/8\/"}],"collection":[{"href":"https:\/\/www.expertise-adn.fr\/en\/wp-json\/wp\/v2\/pages\/"}],"about":[{"href":"https:\/\/www.expertise-adn.fr\/en\/wp-json\/wp\/v2\/types\/page\/"}],"author":[{"embeddable":true,"href":"https:\/\/www.expertise-adn.fr\/en\/wp-json\/wp\/v2\/users\/3\/"}],"replies":[{"embeddable":true,"href":"https:\/\/www.expertise-adn.fr\/en\/wp-json\/wp\/v2\/comments\/?post=8"}],"version-history":[{"count":39,"href":"https:\/\/www.expertise-adn.fr\/en\/wp-json\/wp\/v2\/pages\/8\/revisions\/"}],"predecessor-version":[{"id":806,"href":"https:\/\/www.expertise-adn.fr\/en\/wp-json\/wp\/v2\/pages\/8\/revisions\/806\/"}],"wp:featuredmedia":[{"embeddable":true,"href":"https:\/\/www.expertise-adn.fr\/en\/wp-json\/wp\/v2\/media\/210\/"}],"wp:attachment":[{"href":"https:\/\/www.expertise-adn.fr\/en\/wp-json\/wp\/v2\/media\/?parent=8"}],"curies":[{"name":"wp","href":"https:\/\/api.w.org\/{rel}","templated":true}]}}