
	
	{"id":4,"date":"2013-10-24T13:38:03","date_gmt":"2013-10-24T12:38:03","guid":{"rendered":"https:\/\/www.expertise-adn.fr\/?page_id=4"},"modified":"2023-01-21T08:53:26","modified_gmt":"2023-01-21T07:53:26","slug":"laboratoire-adn","status":"publish","type":"page","link":"https:\/\/www.expertise-adn.fr\/en\/laboratoire-adn\/","title":{"rendered":"Le laboratoire"},"content":{"rendered":"<p>Le laboratoire d\u2019H\u00e9matologie M\u00e9dico-L\u00e9gale, dirig\u00e9 par le Pr Christian DOUTREMEPUICH, comporte plusieurs zones :<\/p>\n<h2>Une zone de gestion et de r\u00e9ception des scell\u00e9s judiciaires<\/h2>\n<p style=\"text-align: left;\">Le laboratoire propose de s\u2019occuper de l\u2019acheminement des scell\u00e9s judiciaires provenant de la France m\u00e9tropolitaine, par l\u2019interm\u00e9diaire d\u2019un transporteur sp\u00e9cialis\u00e9. Ce transport peut \u00eatre effectu\u00e9 \u00e0 temp\u00e9rature ambiante, en r\u00e9frig\u00e9r\u00e9 ou en congel\u00e9. Dans le cas de la Corse et des DOM\/TOM, le transport ne peut \u00eatre effectu\u00e9 qu\u2019\u00e0 temp\u00e9rature ambiante et il est soumis \u00e0 des contraintes de poids et de taille. Pour plus de d\u00e9tail ou dans le cas de dossiers \u00e0 traiter en urgence, veuillez prendre contact directement avec le laboratoire.<\/p>\n<p>En plus d&#8217;assurer le transport des scell\u00e9s judiciaires jusqu&#8217;au laboratoire, des aires de stockage contr\u00f4l\u00e9es sont d\u00e9di\u00e9es pour permettre leur conservation.<\/p>\n<h2>Une zone d\u2019analyses<\/h2>\n<p><img loading=\"lazy\" decoding=\"async\" class=\"alignright size-full wp-image-212\" src=\"https:\/\/www.expertise-adn.fr\/wp-content\/uploads\/2013\/10\/labo2.jpg\" alt=\"labo2\" width=\"340\" height=\"250\" srcset=\"https:\/\/www.expertise-adn.fr\/wp-content\/uploads\/2013\/10\/labo2.jpg 340w, https:\/\/www.expertise-adn.fr\/wp-content\/uploads\/2013\/10\/labo2-300x220.jpg 300w\" sizes=\"(max-width: 340px) 100vw, 340px\" \/><br \/>\nLes laboratoires constituant cette zone sont s\u00e9par\u00e9s les uns des autres et sont adapt\u00e9s \u00e0 :<\/p>\n<ul>\n<li>La recherche de tissus biologiques d\u00e9pos\u00e9s sur des objets ou v\u00eatements : sang \u2013 sperme \u2013 cellules \u00e9pith\u00e9liales \u2013 \u00e9l\u00e9ments pileux<\/li>\n<li>L&#8217;extraction des acides nucl\u00e9iques<\/li>\n<li>Au g\u00e9notypage de l\u2019ADN nucl\u00e9aire<\/li>\n<li>Au s\u00e9quen\u00e7age de l\u2019ADN mitochondrial<\/li>\n<\/ul>\n<p style=\"text-align: justify;\">Les laboratoires sont \u00e9quip\u00e9s de mat\u00e9riel de derni\u00e8re g\u00e9n\u00e9ration qui sont renouvel\u00e9s r\u00e9guli\u00e8rement. Le mat\u00e9riel identifi\u00e9 est propre \u00e0 chaque laboratoire et il est contr\u00f4l\u00e9 p\u00e9riodiquement. Un LIMS d\u00e9velopp\u00e9 et g\u00e9r\u00e9 en interne permet d\u2019assurer la tra\u00e7abilit\u00e9 des analyses.<\/p>\n<h2>Une zone de traitement des r\u00e9sultats<\/h2>\n<p><img loading=\"lazy\" decoding=\"async\" class=\"alignleft size-full wp-image-240\" src=\"https:\/\/www.expertise-adn.fr\/wp-content\/uploads\/2013\/10\/labo-traitement-resultats.jpg\" alt=\"Traitement des r\u00e9sultats\" width=\"340\" height=\"250\" srcset=\"https:\/\/www.expertise-adn.fr\/wp-content\/uploads\/2013\/10\/labo-traitement-resultats.jpg 340w, https:\/\/www.expertise-adn.fr\/wp-content\/uploads\/2013\/10\/labo-traitement-resultats-300x220.jpg 300w\" sizes=\"(max-width: 340px) 100vw, 340px\" \/>Cette zone constitu\u00e9e de bureaux est d\u00e9di\u00e9e \u00e0 la validation et \u00e0 la r\u00e9daction du rapport d\u2019expertise qui est \u00e9dit\u00e9 sur un format papier et sur un format num\u00e9rique (CD-ROM). La validation de ce rapport est r\u00e9alis\u00e9e selon un syst\u00e8me Qualit\u00e9 \u00e9tabli \u00e0 partir des r\u00e9f\u00e9rentiels normatifs ISO 9001 et ISO\/CEI 17025.<\/p>\n<h2>Une zone de renvoi des scell\u00e9s judiciaires<\/h2>\n<p>Cette zone, diff\u00e9rente de la r\u00e9ception, est destin\u00e9e \u00e0 la pr\u00e9paration du renvoi des scell\u00e9s judiciaires.<\/p>\n<h2>Le p\u00f4le Direction<\/h2>\n<p>Il g\u00e8re l\u2019innovation, les ressources humaines, le mat\u00e9riel \/ le consommable et les dossiers avant leur renvoi par courrier (v\u00e9rification \u2013 signature).<\/p>\n<p>&nbsp;<\/p>\n<p>&nbsp;<\/p>\n<p><b>Pour conclure, le laboratoire a mis en place cette organisation afin de permettre le traitement des scell\u00e9s judiciaires en temps r\u00e9el et fournir au requ\u00e9rant des r\u00e9sultats rapides, fiables et exactes.<\/b><\/p>\n","protected":false},"excerpt":{"rendered":"<p>Le laboratoire d\u2019H\u00e9matologie M\u00e9dico-L\u00e9gale, dirig\u00e9 par le Pr Christian DOUTREMEPUICH, comporte plusieurs zones : Une zone de gestion et de r\u00e9ception des scell\u00e9s judiciaires Le laboratoire propose de s\u2019occuper de l\u2019acheminement des scell\u00e9s judiciaires provenant&#8230;<\/p>\n","protected":false},"author":3,"featured_media":229,"parent":0,"menu_order":0,"comment_status":"open","ping_status":"open","template":"","meta":{"footnotes":""},"acf":[],"aioseo_notices":[],"_links":{"self":[{"href":"https:\/\/www.expertise-adn.fr\/en\/wp-json\/wp\/v2\/pages\/4\/"}],"collection":[{"href":"https:\/\/www.expertise-adn.fr\/en\/wp-json\/wp\/v2\/pages\/"}],"about":[{"href":"https:\/\/www.expertise-adn.fr\/en\/wp-json\/wp\/v2\/types\/page\/"}],"author":[{"embeddable":true,"href":"https:\/\/www.expertise-adn.fr\/en\/wp-json\/wp\/v2\/users\/3\/"}],"replies":[{"embeddable":true,"href":"https:\/\/www.expertise-adn.fr\/en\/wp-json\/wp\/v2\/comments\/?post=4"}],"version-history":[{"count":33,"href":"https:\/\/www.expertise-adn.fr\/en\/wp-json\/wp\/v2\/pages\/4\/revisions\/"}],"predecessor-version":[{"id":109,"href":"https:\/\/www.expertise-adn.fr\/en\/wp-json\/wp\/v2\/pages\/4\/revisions\/109\/"}],"wp:featuredmedia":[{"embeddable":true,"href":"https:\/\/www.expertise-adn.fr\/en\/wp-json\/wp\/v2\/media\/229\/"}],"wp:attachment":[{"href":"https:\/\/www.expertise-adn.fr\/en\/wp-json\/wp\/v2\/media\/?parent=4"}],"curies":[{"name":"wp","href":"https:\/\/api.w.org\/{rel}","templated":true}]}}