
	
	{"id":20,"date":"2013-10-24T13:40:45","date_gmt":"2013-10-24T12:40:45","guid":{"rendered":"https:\/\/www.expertise-adn.fr\/?page_id=20"},"modified":"2024-08-21T11:32:43","modified_gmt":"2024-08-21T09:32:43","slug":"mentions-legales","status":"publish","type":"page","link":"https:\/\/www.expertise-adn.fr\/en\/mentions-legales\/","title":{"rendered":"Mentions l\u00e9gales &#8211; R\u00e9clamations"},"content":{"rendered":"<h3>Utilisation du site www.expertise-adn.fr<\/h3>\n<p>Le simple fait d\u2019acc\u00e9der au site implique que vous acceptiez sans r\u00e9serve les termes et conditions d\u00e9finies ci-dessous. Si vous n\u2019entendez pas souscrire \u00e0 ces conditions, veuillez interrompre votre consultation de cette page et des pages du site.<\/p>\n<p>Le Laboratoire d&#8217;H\u00e9matologie M\u00e9dico-l\u00e9gale SAS de Bordeaux\u00a0se r\u00e9serve le droit de modifier \u00e0 tout instant ces mentions. Il vous est donc conseill\u00e9 de consulter r\u00e9guli\u00e8rement la derni\u00e8re version en vigueur.<\/p>\n<p>Certains dangers sont inh\u00e9rents \u00e0 l\u2019utilisation de l\u2019Internet et l\u2019utilisateur est mis en garde quant \u00e0 la n\u00e9cessit\u00e9 de prendre en compte les risques potentiels (toute infection par virus d\u2019ordinateur, tout bogue, tout ralentissement, etc.) avant de proc\u00e9der \u00e0 la consultation du site www.expertise-adn.fr<\/p>\n<p>Les utilisateurs du site sont tenus de respecter les dispositions de la loi informatique, fichiers et libert\u00e9s, dont la violation est passible de sanctions p\u00e9nales. Ils doivent notamment s\u2019abstenir, s\u2019agissant des informations nominatives auxquelles ils acc\u00e8dent, de toute collecte, de toute utilisation d\u00e9tourn\u00e9e et, d\u2019une mani\u00e8re g\u00e9n\u00e9rale, de tout acte susceptible de porter atteinte \u00e0 la vie priv\u00e9e ou \u00e0 la r\u00e9putation des personnes.<\/p>\n<p>Le Laboratoire d&#8217;H\u00e9matologie M\u00e9dico-l\u00e9gale SAS de Bordeaux\u00a0ne pourra \u00eatre tenu pour responsable de tout dommage direct et\/ou indirect r\u00e9sultant de l\u2019utilisation faite par le client du site et\/ou de toutes informations qu\u2019il contient.<\/p>\n<p>Le site www.expertise-adn.fr peut renvoyer l\u2019utilisateur \u00e0 d\u2019autres sites Internet par le biais de liens hypertexte. En tout \u00e9tat de cause, le Laboratoire d&#8217;H\u00e9matologie M\u00e9dico-l\u00e9gale de Bordeaux ne saurait \u00eatre responsable du contenu de ces sites, lesquels rel\u00e8vent de l\u2019enti\u00e8re responsabilit\u00e9 de leurs titulaires.<\/p>\n<p>Ce site, dans sa partie publique, d\u00e9crit l\u2019activit\u00e9 du Laboratoire d&#8217;H\u00e9matologie M\u00e9dico-l\u00e9gale SAS de Bordeaux, site qui est destin\u00e9 principalement aux Magistrats et Officiers de Police Judiciaire.<\/p>\n<h3>Propri\u00e9taire, responsable du site<\/h3>\n<p>Le site www.expertise-adn.fr est \u00e9dit\u00e9 par le Laboratoire d&#8217;H\u00e9matologie M\u00e9dico-l\u00e9gale SAS de Bordeaux, 41-43 avenue de la Re\u0301publique CS51636 33073 BORDEAUX Cedex.<\/p>\n<h3>\u00c9diteur du site<\/h3>\n<p>Le site\u00a0www.expertise-adn.fr est \u00e9dit\u00e9 par le Laboratoire d&#8217;H\u00e9matologie M\u00e9dicale-l\u00e9gale SAS de Bordeaux dirig\u00e9 par le\u00a0 Professeur Christian DOUTREMEPUICH (Docteur en M\u00e9decine, Biologiste), SAS au capital de 4 901 820 \u20acuros ayant pour n\u00b0 SIREN 827 869 462 000 16, immatricul\u00e9e au RCS Bordeaux 827 869 462 dont le si\u00e8ge social est situ\u00e9 43, avenue de la R\u00e9publique 33073 BORDEAUX Cedex.<\/p>\n<p>Le Professeur Christian DOUTREMEPUICH ne pr\u00e9sente aucun conflit d&#8217;int\u00e9r\u00eat financier avec l&#8217;industrie pharmaceutique ou laboratoire ou fabriquant de produits ou de mat\u00e9riels m\u00e9dicaux.<\/p>\n<p>T\u00e9l\u00e9phone : +33(0)5 57 22 03 03<\/p>\n<h3>Directeur de la publication<\/h3>\n<p>Le directeur de la publication du site www.expertise-adn.fr est M. Christian DOUTREMEPUICH. Il est le responsable \u00e9ditoriale et par ce titre assure la cr\u00e9ation, la v\u00e9rification et l&#8217;actualisation des contenus du site.<\/p>\n<p>Le Laboratoire d&#8217;H\u00e9matologie M\u00e9dico-l\u00e9gale SAS de Bordeaux finance la cr\u00e9ation et la publications de contenus sur le site www.expertise-adn.fr, aucune publicit\u00e9 ou banni\u00e8re publicitaire ne sera admise et affich\u00e9e sur le site Internet.<\/p>\n<p>&nbsp;<\/p>\n<h3>H\u00e9bergeur<\/h3>\n<p>GANDI SAS, soci\u00e9t\u00e9 par actions simplifi\u00e9e au capital de 10 069 020 \u20ac, immatricul\u00e9e au RCS Lille M\u00e9tropole 424 761 419 00045, Code APE 2620Z, N\u00b0 TVA : FR 22 424 761 419, dont le si\u00e8ge social est situ\u00e9 au 2 rue Kellermann &#8211; 59100 Roubaix &#8211; France<\/p>\n<p>T\u00e9l\u00e9phone : 1007 (r\u00e9pondeur)<\/p>\n<h3>Mesure d\u2019audience<\/h3>\n<p>Le site que vous visitez est audit\u00e9 par le syst\u00e8me de mesure et d\u2019analyse d\u2019audience Matomo. La mesure est effectu\u00e9e via un syst\u00e8me de marqueurs distants (utilisant le language Javascript) qui permet de recueillir des donn\u00e9es statistiques sur notre audience afin d\u2019am\u00e9liorer la qualit\u00e9 et l\u2019ergonomie de notre site Internet.<\/p>\n<p>Les mesures sont effectu\u00e9es de mani\u00e8re totalement anonyme et il ne nous est pas possible de conna\u00eetre l\u2019identit\u00e9 de nos visiteurs.<\/p>\n<h3>Utilisation de cookies<\/h3>\n<p>A l\u2019arriv\u00e9e sur notre site, nous implantons plusieurs \u201ccookies\u201d dans votre ordinateur. Un \u201ccookie\u201d est un petit fichier texte stock\u00e9 par le navigateur web sur le disque dur du visiteur. Le cookie ne permet pas de vous identifier, cependant, il enregistre des informations relatives \u00e0 la navigation de votre ordinateur sur notre site (pages consult\u00e9es, date et heure de consultation,\u2026).<\/p>\n<p>La dur\u00e9e de conservation de ces informations dans votre ordinateur est de 30 jours pour www.expertise-adn.fr .<\/p>\n<p>Nous vous informons que vous pouvez vous opposer \u00e0 l\u2019enregistrement de cookies en configurant votre navigateur.<\/p>\n<h3>Cr\u00e9dits photos<\/h3>\n<p>Les photos pr\u00e9sentes sur ce site sont la propri\u00e9t\u00e9 exclusive de leur auteur. Elles sont prot\u00e9g\u00e9es par le Code de la Propri\u00e9t\u00e9 Intellectuelle et, plus g\u00e9n\u00e9ralement, les trait\u00e9s et accords internationaux comportant des dispositions relatives \u00e0 la protection des droits d&#8217;auteurs.<\/p>\n<p>Ces textes interdisent, quel que soit le proc\u00e9d\u00e9 utilis\u00e9, int\u00e9gralement ou partiellement, la repr\u00e9sentation, la reproduction, pour un usage autre que priv\u00e9 ou la modification sans l\u2019autorisation expresse de l\u2019auteur ou de ses ayants cause.<\/p>\n<p>Laboratoire d&#8217;H\u00e9matologie M\u00e9dico-l\u00e9gale de Bordeaux<\/p>\n<h3>Propri\u00e9t\u00e9 intellectuelle \u2013 Droit d\u2019auteurs \u2013 Copyright<\/h3>\n<p>Le contenu de ce site rel\u00e8ve de la l\u00e9gislation fran\u00e7aise et internationale sur le droit d\u2019auteur et la propri\u00e9t\u00e9 intellectuelle.<\/p>\n<p>Le\u00a0Laboratoire d&#8217;H\u00e9matologie M\u00e9dico-l\u00e9gale SAS de Bordeaux conserve tous les droits patrimoniaux et moraux li\u00e9s aux documents de ce site, sous r\u00e9serve des droits dont b\u00e9n\u00e9ficient les auteurs d\u2019\u0153uvres publi\u00e9es sur ce site. Ainsi, tous les droits de reproduction, sur supports \u00e9lectroniques ou papiers, sont-ils r\u00e9serv\u00e9s, y compris pour les documents t\u00e9l\u00e9chargeables et les repr\u00e9sentations iconographiques et\/ou photographiques.<\/p>\n<p>Les visiteurs du site Internet www.expertise-adn.fr s\u2019interdisent la collecte, la captation, la d\u00e9formation ou l\u2019utilisation, des informations auxquelles ils ont acc\u00e8s.<\/p>\n<p>Le\u00a0Laboratoire d&#8217;H\u00e9matologie M\u00e9dico-l\u00e9gale SAS de Bordeaux\u00a0poursuivra en justice toute tentative de d\u00e9tournement des documentations du site.<\/p>\n<h3>Traitement automatis\u00e9 des donn\u00e9es personnelles sur www.expertise-adn.fr<\/h3>\n<p>Conform\u00e9ment \u00e0 la loi du 6 janvier 1978 modifi\u00e9e par la loi du 6 ao\u00fbt 2004 relative \u00e0 l\u2019informatique, aux fichiers et aux libert\u00e9s, ainsi que son d\u00e9cret d\u2019application du 17 juillet 1978 et \u00e0 l\u2019article 43 de la loi du 30 septembre 1986 modifi\u00e9e, le site a fait l\u2019objet d\u2019une d\u00e9claration aupr\u00e8s de la Commission Nationale Informatique et Libert\u00e9s (CNIL). Le responsable du traitement est le Laboratoire d&#8217;H\u00e9matologie M\u00e9dico-l\u00e9gale SAS de Bordeaux (repr\u00e9sent\u00e9e par Monsieur Christian Doutremepuich). Les donn\u00e9es personnelles collect\u00e9es sont destin\u00e9es \u00e0 fournir \u00e0 l\u2019utilisateur les services propos\u00e9s par le\u00a0Laboratoire d&#8217;H\u00e9matologie M\u00e9dico-l\u00e9gale SAS de Bordeaux et ne seront pas utilis\u00e9es \u00e0 des fins non pr\u00e9vues par les pr\u00e9sentes mentions l\u00e9gales.<\/p>\n<p>Nous nous engageons \u00e0 prendre toutes les pr\u00e9cautions afin de pr\u00e9server la s\u00e9curit\u00e9 des donn\u00e9es et notamment d\u2019emp\u00eacher qu\u2019elles ne soient d\u00e9form\u00e9es, endommag\u00e9es ou communiqu\u00e9es \u00e0 des tiers.<\/p>\n<p>L&#8217;ensemble des donn\u00e9es \u00e0 caract\u00e8re personnel sont stock\u00e9es en France et ne donneront pas lieu \u00e0 un transfert \u00e0 destination d&#8217;un autre \u00c9tat.<\/p>\n<h3>Droit d\u2019acc\u00e8s, de modification, de rectification et de suppression des donn\u00e9es<\/h3>\n<p>Les utilisateurs disposent d\u2019un droit d\u2019acc\u00e8s, de modification, de rectification et de suppression des donn\u00e9es les concernant conform\u00e9ment \u00e0 ce qu\u2019\u00e9noncent les articles 39 et 40 de la loi du 6 janvier 1978 modifi\u00e9e par la loi du 6 ao\u00fbt 2004 ainsi que les recommandations de la LCEN. Pour l\u2019exercer, vous pouvez contacter le\u00a0Laboratoire d&#8217;H\u00e9matologie M\u00e9dico-l\u00e9gale de Bordeaux par courrier adress\u00e9 \u00e0 :<\/p>\n<p>Laboratoire d&#8217;H\u00e9matologie M\u00e9dico-l\u00e9gale SAS de Bordeaux<br \/>\n41-43 avenue de la Re\u0301publique CS51636 33073 BORDEAUX Cedex<\/p>\n<p>Les utilisateurs disposent du droit de s&#8217;opposer au traitement de leur donn\u00e9es pour des motifs l\u00e9gitimes.<\/p>\n<p>L\u2019Internet ne permettant pas d\u2019assurer l\u2019int\u00e9grit\u00e9 des messages \u00e9lectroniques (email), le Laboratoire d&#8217;H\u00e9matologie M\u00e9dico-l\u00e9gale SAS de Bordeaux d\u00e9cline toute responsabilit\u00e9 dans le cas o\u00f9 ceux-ci auraient \u00e9t\u00e9 intercept\u00e9s ou modifi\u00e9s par quiconque. Ne divulguez pas d\u2019informations personnelles sensibles. Si vous souhaitez nous communiquer des informations confidentielles, nous vous conseillons d\u2019utiliser la voie postale.<\/p>\n<h3>Non cession du fichier client<\/h3>\n<p>Le Laboratoire d&#8217;H\u00e9matologie M\u00e9dico-l\u00e9gale SAS de Bordeaux\u00a0est seule destinataire des donn\u00e9es personnelles et ne proc\u00e9dera pas \u00e0 la cession de son fichier client.<\/p>\n<h3>Accessibilit\u00e9 du site<\/h3>\n<p>L\u2019accessibilit\u00e9 est primordiale dans la consultation d\u2019un site Internet et nous mettons tout en oeuvre afin que le site soit le plus accessible possible.<\/p>\n<p>Nous faisons tout notre possible pour respecter les standards Web (XHTML, CSS) \u00e9dit\u00e9s par le World Wide Web Consortium (W3C).<\/p>\n<h3>Utilisation de la marque COFRAC<\/h3>\n<p>Les clients du Laboratoire d&#8217;H\u00e9matologie M\u00e9dico-L\u00e9gale ne sont pas autoris\u00e9s \u00e0 reproduire le logo Cofrac et\/ou la marque d\u2019accr\u00e9ditation et ce, sur quel que support que ce soit (publications, posters, courriers \u00e0 en-t\u00eate, brochures, sites internet et supports de communication divers\u2026).<\/p>\n<p>La marque Cofrac est d\u00e9pos\u00e9e \u00e0 l\u2019INPI et prot\u00e9g\u00e9e. Toute personne faisant l\u2019usage illicite de cette marque s\u2019expose \u00e0 des poursuites judiciaires.<br \/>\nSi le Laboratoire d&#8217;H\u00e9matologie M\u00e9dico-L\u00e9gale prenait connaissance d\u2019un usage erron\u00e9 de la r\u00e9f\u00e9rence \u00e0 son accr\u00e9ditation, il en informera le Cofrac qui prendra les mesures n\u00e9cessaires.<\/p>\n<p>Enfin le Laboratoire d&#8217;H\u00e9matologie M\u00e9dico-L\u00e9gale s\u2019assure que la r\u00e9f\u00e9rence \u00e0 l\u2019accr\u00e9ditation est faite dans des conditions loyales, conform\u00e9ment aux r\u00e8gles de la GEN-REF-11 et ne nuit pas \u00e0 l\u2019image de l\u2019accr\u00e9ditation et du Cofrac.<\/p>\n<h3>R\u00e9clamations<\/h3>\n<p>Pour toute r\u00e9clamation merci de nous contacter :<\/p>\n<p>&#8211; <a href=\"https:\/\/www.expertise-adn.fr\/en\/contact\/\" target=\"_blank\" rel=\"noopener\">par ce formulaire<\/a><br \/>\n&#8211; ou par courrier \u00e0 l\u2019adresse suivante :<br \/>\nLaboratoire d\u2019H\u00e9matologie m\u00e9dico-l\u00e9gale SAS<br \/>\n43, avenue de la R\u00e9publique<br \/>\n33073 BORDEAUX Cedex<\/p>\n","protected":false},"excerpt":{"rendered":"<p>Utilisation du site www.expertise-adn.fr Le simple fait d\u2019acc\u00e9der au site implique que vous acceptiez sans r\u00e9serve les termes et conditions d\u00e9finies ci-dessous. Si vous n\u2019entendez pas souscrire \u00e0 ces conditions, veuillez interrompre votre consultation de&#8230;<\/p>\n","protected":false},"author":3,"featured_media":0,"parent":0,"menu_order":0,"comment_status":"open","ping_status":"open","template":"","meta":{"footnotes":""},"acf":[],"aioseo_notices":[],"_links":{"self":[{"href":"https:\/\/www.expertise-adn.fr\/en\/wp-json\/wp\/v2\/pages\/20\/"}],"collection":[{"href":"https:\/\/www.expertise-adn.fr\/en\/wp-json\/wp\/v2\/pages\/"}],"about":[{"href":"https:\/\/www.expertise-adn.fr\/en\/wp-json\/wp\/v2\/types\/page\/"}],"author":[{"embeddable":true,"href":"https:\/\/www.expertise-adn.fr\/en\/wp-json\/wp\/v2\/users\/3\/"}],"replies":[{"embeddable":true,"href":"https:\/\/www.expertise-adn.fr\/en\/wp-json\/wp\/v2\/comments\/?post=20"}],"version-history":[{"count":24,"href":"https:\/\/www.expertise-adn.fr\/en\/wp-json\/wp\/v2\/pages\/20\/revisions\/"}],"predecessor-version":[{"id":1543,"href":"https:\/\/www.expertise-adn.fr\/en\/wp-json\/wp\/v2\/pages\/20\/revisions\/1543\/"}],"wp:attachment":[{"href":"https:\/\/www.expertise-adn.fr\/en\/wp-json\/wp\/v2\/media\/?parent=20"}],"curies":[{"name":"wp","href":"https:\/\/api.w.org\/{rel}","templated":true}]}}