
	
	{"id":2,"date":"2013-10-24T12:16:50","date_gmt":"2013-10-24T12:16:50","guid":{"rendered":"https:\/\/www.expertise-adn.fr\/?page_id=2"},"modified":"2023-01-21T08:59:00","modified_gmt":"2023-01-21T07:59:00","slug":"presentation","status":"publish","type":"page","link":"https:\/\/www.expertise-adn.fr\/en\/presentation\/","title":{"rendered":"Pr\u00e9sentation"},"content":{"rendered":"<p>Le laboratoire d\u2019h\u00e9matologie m\u00e9dico-l\u00e9gale est cr\u00e9\u00e9 le 1er Janvier 1996 par le Pr Christian DOUTREMEPUICH. Ce laboratoire est sp\u00e9cialis\u00e9 uniquement dans les analyses g\u00e9n\u00e9tiques destin\u00e9es \u00e0 l\u2019identification humaine.<\/p>\n<p>Diff\u00e9rents textes l\u00e9gislatifs obligent les laboratoires \u00e0 r\u00e9aliser les analyses g\u00e9n\u00e9tiques uniquement sur mission ou r\u00e9quisition judiciaire.<\/p>\n<p>Le domaine d\u2019activit\u00e9 du laboratoire concerne donc\u00a0:<\/p>\n<ul>\n<li>L\u2019identification des traces biologiques sur sc\u00e8ne criminelle dans le cadre de proc\u00e9dures p\u00e9nales<\/li>\n<li>Recherches de filiation (recherches en paternit\u00e9, maternit\u00e9, fratrie\u2026) dans le cadre de proc\u00e9dures p\u00e9nale ou civile uniquement.<\/li>\n<\/ul>\n<p style=\"text-align: justify;\">Le laboratoire est certifi\u00e9 ISO 9001 depuis 1997, toutes les analyses r\u00e9alis\u00e9es sont accr\u00e9dit\u00e9es selon la norme NF EN ISO\/CEI 17025 (port\u00e9e disponible sur <a title=\"Cofrac\" href=\"http:\/\/www.cofrac.fr\" target=\"_blank\" rel=\"noopener\">www.cofrac.fr<\/a>) depuis 2003 (premier laboratoire Fran\u00e7ais accr\u00e9dit\u00e9 dans le domaine M\u00e9dico-L\u00e9gale) montrant ainsi l\u2019implication du laboratoire pour garantir la fiabilit\u00e9 et l\u2019exactitude des analyses r\u00e9alis\u00e9es tout en assurant des d\u00e9lais de r\u00e9alisation courts.<\/p>\n","protected":false},"excerpt":{"rendered":"<p>Le laboratoire d\u2019h\u00e9matologie m\u00e9dico-l\u00e9gale est cr\u00e9\u00e9 le 1er Janvier 1996 par le Pr Christian DOUTREMEPUICH. Ce laboratoire est sp\u00e9cialis\u00e9 uniquement dans les analyses g\u00e9n\u00e9tiques destin\u00e9es \u00e0 l\u2019identification humaine. Diff\u00e9rents textes l\u00e9gislatifs obligent les laboratoires \u00e0&#8230;<\/p>\n","protected":false},"author":3,"featured_media":0,"parent":0,"menu_order":0,"comment_status":"open","ping_status":"open","template":"","meta":{"footnotes":""},"acf":[],"aioseo_notices":[],"_links":{"self":[{"href":"https:\/\/www.expertise-adn.fr\/en\/wp-json\/wp\/v2\/pages\/2\/"}],"collection":[{"href":"https:\/\/www.expertise-adn.fr\/en\/wp-json\/wp\/v2\/pages\/"}],"about":[{"href":"https:\/\/www.expertise-adn.fr\/en\/wp-json\/wp\/v2\/types\/page\/"}],"author":[{"embeddable":true,"href":"https:\/\/www.expertise-adn.fr\/en\/wp-json\/wp\/v2\/users\/3\/"}],"replies":[{"embeddable":true,"href":"https:\/\/www.expertise-adn.fr\/en\/wp-json\/wp\/v2\/comments\/?post=2"}],"version-history":[{"count":8,"href":"https:\/\/www.expertise-adn.fr\/en\/wp-json\/wp\/v2\/pages\/2\/revisions\/"}],"predecessor-version":[{"id":1462,"href":"https:\/\/www.expertise-adn.fr\/en\/wp-json\/wp\/v2\/pages\/2\/revisions\/1462\/"}],"wp:attachment":[{"href":"https:\/\/www.expertise-adn.fr\/en\/wp-json\/wp\/v2\/media\/?parent=2"}],"curies":[{"name":"wp","href":"https:\/\/api.w.org\/{rel}","templated":true}]}}