
	
	{"id":12,"date":"2013-10-24T13:39:48","date_gmt":"2013-10-24T11:39:48","guid":{"rendered":"https:\/\/www.expertise-adn.fr\/?page_id=12"},"modified":"2018-08-08T10:02:28","modified_gmt":"2018-08-08T08:02:28","slug":"demande-de-devis-v1","status":"publish","type":"page","link":"https:\/\/www.expertise-adn.fr\/en\/demande-de-devis-v1\/","title":{"rendered":"Demande de devis"},"content":{"rendered":"<p>N&#8217;h\u00e9sitez pas \u00e0 nous contacter par t\u00e9l\u00e9phone au 05 57 22 03 03<\/p>\n<p>Nous vous rappelons que les prestations d&#8217;Urgence, de Garde \u00e0 Vue ou r\u00e9alis\u00e9es les jours f\u00e9ri\u00e9s, ainsi que les reprises d&#8217;analyses n&#8217;entrainent <span style=\"text-decoration: underline;\">pas de co\u00fbt suppl\u00e9mentaire.<\/span><\/p>\n<script type=\"text\/javascript\">var gform;gform||(document.addEventListener(\"gform_main_scripts_loaded\",function(){gform.scriptsLoaded=!0}),window.addEventListener(\"DOMContentLoaded\",function(){gform.domLoaded=!0}),gform={domLoaded:!1,scriptsLoaded:!1,initializeOnLoaded:function(o){gform.domLoaded&&gform.scriptsLoaded?o():!gform.domLoaded&&gform.scriptsLoaded?window.addEventListener(\"DOMContentLoaded\",o):document.addEventListener(\"gform_main_scripts_loaded\",o)},hooks:{action:{},filter:{}},addAction:function(o,n,r,t){gform.addHook(\"action\",o,n,r,t)},addFilter:function(o,n,r,t){gform.addHook(\"filter\",o,n,r,t)},doAction:function(o){gform.doHook(\"action\",o,arguments)},applyFilters:function(o){return gform.doHook(\"filter\",o,arguments)},removeAction:function(o,n){gform.removeHook(\"action\",o,n)},removeFilter:function(o,n,r){gform.removeHook(\"filter\",o,n,r)},addHook:function(o,n,r,t,i){null==gform.hooks[o][n]&&(gform.hooks[o][n]=[]);var e=gform.hooks[o][n];null==i&&(i=n+\"_\"+e.length),gform.hooks[o][n].push({tag:i,callable:r,priority:t=null==t?10:t})},doHook:function(n,o,r){var t;if(r=Array.prototype.slice.call(r,1),null!=gform.hooks[n][o]&&((o=gform.hooks[n][o]).sort(function(o,n){return o.priority-n.priority}),o.forEach(function(o){\"function\"!=typeof(t=o.callable)&&(t=window[t]),\"action\"==n?t.apply(null,r):r[0]=t.apply(null,r)})),\"filter\"==n)return r[0]},removeHook:function(o,n,t,i){var r;null!=gform.hooks[o][n]&&(r=(r=gform.hooks[o][n]).filter(function(o,n,r){return!!(null!=i&&i!=o.tag||null!=t&&t!=o.priority)}),gform.hooks[o][n]=r)}});<\/script>\n                <div class='gf_browser_gecko gform_wrapper gform_legacy_markup_wrapper gform-theme--no-framework' data-form-theme='legacy' data-form-index='0' id='gform_wrapper_2' >\n                        <div class='gform_heading'>\n                            <p class='gform_description'><\/p>\n                        <\/div><form method='post' enctype='multipart\/form-data'  id='gform_2'  action='\/en\/wp-json\/wp\/v2\/pages\/12\/' data-formid='2' >\n                        <div class='gform-body gform_body'><ul id='gform_fields_2' class='gform_fields top_label form_sublabel_below description_below'><li id=\"field_2_9\"  class=\"gfield gfield--type-section gsection field_sublabel_below gfield--no-description field_description_below gfield_visibility_visible\"  data-js-reload=\"field_2_9\"><h2 class=\"gsection_title\">Informations<\/h2><\/li><li id=\"field_2_14\"  class=\"gfield gfield--type-select gfield_contains_required field_sublabel_below gfield--no-description field_description_below gfield_visibility_visible\"  data-js-reload=\"field_2_14\"><label class='gfield_label gform-field-label' for='input_2_14' >Civilit\u00e9<span class=\"gfield_required\"><span class=\"gfield_required gfield_required_asterisk\">*<\/span><\/span><\/label><div class='ginput_container ginput_container_select'><select name='input_14' id='input_2_14' class='medium gfield_select'    aria-required=\"true\" aria-invalid=\"false\" ><option value='M.' selected='selected'>M.<\/option><option value='Mme' >Mme<\/option><\/select><\/div><\/li><li id=\"field_2_1\"  class=\"gfield gfield--type-name gfield_contains_required field_sublabel_below gfield--no-description field_description_below gfield_visibility_visible\"  data-js-reload=\"field_2_1\"><label class='gfield_label gform-field-label gfield_label_before_complex'  >Nom<span class=\"gfield_required\"><span class=\"gfield_required gfield_required_asterisk\">*<\/span><\/span><\/label><div class='ginput_complex ginput_container ginput_container--name no_prefix has_first_name no_middle_name has_last_name no_suffix gf_name_has_2 ginput_container_name gform-grid-row' id='input_2_1'>\n                            \n                            <span id='input_2_1_3_container' class='name_first gform-grid-col gform-grid-col--size-auto' >\n                                                    <input type='text' name='input_1.3' id='input_2_1_3' value=''   aria-required='true'     \/>\n                                                    <label for='input_2_1_3' class='gform-field-label gform-field-label--type-sub '>First<\/label>\n                                                <\/span>\n                            \n                            <span id='input_2_1_6_container' class='name_last gform-grid-col gform-grid-col--size-auto' >\n                                                    <input type='text' name='input_1.6' id='input_2_1_6' value=''   aria-required='true'     \/>\n                                                    <label for='input_2_1_6' class='gform-field-label gform-field-label--type-sub '>Last<\/label>\n                                                <\/span>\n                            \n                        <\/div><\/li><li id=\"field_2_2\"  class=\"gfield gfield--type-email gfield_contains_required field_sublabel_below gfield--no-description field_description_below gfield_visibility_visible\"  data-js-reload=\"field_2_2\"><label class='gfield_label gform-field-label' for='input_2_2' >Adresse email<span class=\"gfield_required\"><span class=\"gfield_required gfield_required_asterisk\">*<\/span><\/span><\/label><div class='ginput_container ginput_container_email'>\n                            <input name='input_2' id='input_2_2' type='text' value='' class='medium'    aria-required=\"true\" aria-invalid=\"false\"  \/>\n                        <\/div><\/li><li id=\"field_2_15\"  class=\"gfield gfield--type-text gfield_contains_required field_sublabel_below gfield--no-description field_description_below gfield_visibility_visible\"  data-js-reload=\"field_2_15\"><label class='gfield_label gform-field-label' for='input_2_15' >TGI comp\u00e9tent<span class=\"gfield_required\"><span class=\"gfield_required gfield_required_asterisk\">*<\/span><\/span><\/label><div class='ginput_container ginput_container_text'><input name='input_15' id='input_2_15' type='text' value='' class='medium'     aria-required=\"true\" aria-invalid=\"false\"   \/> <\/div><\/li><li id=\"field_2_3\"  class=\"gfield gfield--type-text gfield_contains_required field_sublabel_below gfield--no-description field_description_below gfield_visibility_visible\"  data-js-reload=\"field_2_3\"><label class='gfield_label gform-field-label' for='input_2_3' >Service \/ Unit\u00e9<span class=\"gfield_required\"><span class=\"gfield_required gfield_required_asterisk\">*<\/span><\/span><\/label><div class='ginput_container ginput_container_text'><input name='input_3' id='input_2_3' type='text' value='' class='medium'     aria-required=\"true\" aria-invalid=\"false\"   \/> <\/div><\/li><li id=\"field_2_12\"  class=\"gfield gfield--type-phone gfield_contains_required field_sublabel_below gfield--no-description field_description_below gfield_visibility_visible\"  data-js-reload=\"field_2_12\"><label class='gfield_label gform-field-label' for='input_2_12' >T\u00e9l\u00e9phone<span class=\"gfield_required\"><span class=\"gfield_required gfield_required_asterisk\">*<\/span><\/span><\/label><div class='ginput_container ginput_container_phone'><input name='input_12' id='input_2_12' type='text' value='' class='medium'   aria-required=\"true\" aria-invalid=\"false\"   \/><\/div><\/li><li id=\"field_2_16\"  class=\"gfield gfield--type-text gfield_contains_required field_sublabel_below gfield--no-description field_description_below gfield_visibility_visible\"  data-js-reload=\"field_2_16\"><label class='gfield_label gform-field-label' for='input_2_16' >N\u00b0 Proc\u00e9dure et\/ou nom Victime<span class=\"gfield_required\"><span class=\"gfield_required gfield_required_asterisk\">*<\/span><\/span><\/label><div class='ginput_container ginput_container_text'><input name='input_16' id='input_2_16' type='text' value='' class='medium'     aria-required=\"true\" aria-invalid=\"false\"   \/> <\/div><\/li><li id=\"field_2_11\"  class=\"gfield gfield--type-section gsection field_sublabel_below gfield--no-description field_description_below gfield_visibility_visible\"  data-js-reload=\"field_2_11\"><h2 class=\"gsection_title\">Commentaires<\/h2><\/li><li id=\"field_2_6\"  class=\"gfield gfield--type-textarea gfield_contains_required field_sublabel_below gfield--no-description field_description_below gfield_visibility_visible\"  data-js-reload=\"field_2_6\"><label class='gfield_label gform-field-label' for='input_2_6' >Veuillez d\u00e9tailler votre demande afin de pouvoir \u00e9tablir un devis pr\u00e9cis<span class=\"gfield_required\"><span class=\"gfield_required gfield_required_asterisk\">*<\/span><\/span><\/label><div class='ginput_container ginput_container_textarea'><textarea name='input_6' id='input_2_6' class='textarea medium'     aria-required=\"true\" aria-invalid=\"false\"   rows='10' cols='50'><\/textarea><\/div><\/li><li id=\"field_2_10\"  class=\"gfield gfield--type-section gsection field_sublabel_below gfield--has-description field_description_below gfield_visibility_visible\"  data-js-reload=\"field_2_10\"><h2 class=\"gsection_title\">Pi\u00e8ces \u00e0 joindre<\/h2><div class='gsection_description' id='gfield_description_2_10'>Veuillez s\u00e9lectionner, si besoin, les pi\u00e8ces compl\u00e9mentaires (photos, formulaire de circonstances \u2026) que vous souhaitez nous envoyer. Dans le cas o\u00f9 les documents sont trop nombreux ou trop volumineux (>8Mo) pour \u00eatre envoy\u00e9s par cette proc\u00e9dure, veuillez nous contacter directement.<\/div><\/li><li id=\"field_2_4\"  class=\"gfield gfield--type-fileupload field_sublabel_below gfield--no-description field_description_below gfield_visibility_visible\"  data-js-reload=\"field_2_4\"><label class='gfield_label gform-field-label' for='input_2_4' >Pi\u00e8ce jointe n\u00b01<\/label><div class='ginput_container ginput_container_fileupload'><input type='hidden' name='MAX_FILE_SIZE' value='134217728' \/><input name='input_4' id='input_2_4' type='file' class='medium' aria-describedby=\"gfield_upload_rules_2_4\" onchange='javascript:gformValidateFileSize( this, 134217728 );'  \/><span class='gfield_description gform_fileupload_rules' id='gfield_upload_rules_2_4'>Max. file size: 128 MB.<\/span><div class='gfield_description validation_message gfield_validation_message validation_message--hidden-on-empty' id='live_validation_message_2_4'><\/div><\/div><\/li><li id=\"field_2_5\"  class=\"gfield gfield--type-fileupload field_sublabel_below gfield--no-description field_description_below gfield_visibility_visible\"  data-js-reload=\"field_2_5\"><label class='gfield_label gform-field-label' for='input_2_5' >Pi\u00e8ce jointe n\u00b02<\/label><div class='ginput_container ginput_container_fileupload'><input type='hidden' name='MAX_FILE_SIZE' value='134217728' \/><input name='input_5' id='input_2_5' type='file' class='medium' aria-describedby=\"gfield_upload_rules_2_5\" onchange='javascript:gformValidateFileSize( this, 134217728 );'  \/><span class='gfield_description gform_fileupload_rules' id='gfield_upload_rules_2_5'>Max. file size: 128 MB.<\/span><div class='gfield_description validation_message gfield_validation_message validation_message--hidden-on-empty' id='live_validation_message_2_5'><\/div><\/div><\/li><li id=\"field_2_7\"  class=\"gfield gfield--type-fileupload field_sublabel_below gfield--no-description field_description_below gfield_visibility_visible\"  data-js-reload=\"field_2_7\"><label class='gfield_label gform-field-label' for='input_2_7' >Pi\u00e8ce jointe n\u00b03<\/label><div class='ginput_container ginput_container_fileupload'><input type='hidden' name='MAX_FILE_SIZE' value='134217728' \/><input name='input_7' id='input_2_7' type='file' class='medium' aria-describedby=\"gfield_upload_rules_2_7\" onchange='javascript:gformValidateFileSize( this, 134217728 );'  \/><span class='gfield_description gform_fileupload_rules' id='gfield_upload_rules_2_7'>Max. file size: 128 MB.<\/span><div class='gfield_description validation_message gfield_validation_message validation_message--hidden-on-empty' id='live_validation_message_2_7'><\/div><\/div><\/li><li id=\"field_2_8\"  class=\"gfield gfield--type-fileupload field_sublabel_below gfield--no-description field_description_below gfield_visibility_visible\"  data-js-reload=\"field_2_8\"><label class='gfield_label gform-field-label' for='input_2_8' >Pi\u00e8ce jointe n\u00b04<\/label><div class='ginput_container ginput_container_fileupload'><input type='hidden' name='MAX_FILE_SIZE' value='134217728' \/><input name='input_8' id='input_2_8' type='file' class='medium' aria-describedby=\"gfield_upload_rules_2_8\" onchange='javascript:gformValidateFileSize( this, 134217728 );'  \/><span class='gfield_description gform_fileupload_rules' id='gfield_upload_rules_2_8'>Max. file size: 128 MB.<\/span><div class='gfield_description validation_message gfield_validation_message validation_message--hidden-on-empty' id='live_validation_message_2_8'><\/div><\/div><\/li><li id=\"field_2_17\"  class=\"gfield gfield--type-checkbox gfield--type-choice gfield_contains_required field_sublabel_below gfield--no-description field_description_below gfield_visibility_visible\"  data-js-reload=\"field_2_17\"><label class='gfield_label gform-field-label screen-reader-text gfield_label_before_complex'  ><span class=\"gfield_required\"><span class=\"gfield_required gfield_required_asterisk\">*<\/span><\/span><\/label><div class='ginput_container ginput_container_checkbox'><ul class='gfield_checkbox' id='input_2_17'><li class='gchoice gchoice_2_17_1'>\n\t\t\t\t\t\t\t\t<input class='gfield-choice-input' name='input_17.1' type='checkbox'  value='jai_lu_la_declaration_de_protection_des_donnees_et_je_laccepte'  id='choice_2_17_1'   \/>\n\t\t\t\t\t\t\t\t<label for='choice_2_17_1' id='label_2_17_1' class='gform-field-label gform-field-label--type-inline'>J'ai lu la d\u00e9claration de <a href=\"https:\/\/www.expertise-adn.fr\/protection-des-donnees\" target=\"_blank\">Protection des Donn\u00e9es<\/a> et je l'accepte<\/label>\n\t\t\t\t\t\t\t<\/li><\/ul><\/div><\/li><\/ul><\/div>\n        <div class='gform_footer top_label'> <input type='submit' id='gform_submit_button_2' class='gform_button button' value='Envoyer'  onclick='if(window[\"gf_submitting_2\"]){return false;}  window[\"gf_submitting_2\"]=true;  ' onkeypress='if( event.keyCode == 13 ){ if(window[\"gf_submitting_2\"]){return false;} window[\"gf_submitting_2\"]=true;  jQuery(\"#gform_2\").trigger(\"submit\",[true]); }' \/> \n            <input type='hidden' class='gform_hidden' name='is_submit_2' value='1' \/>\n            <input type='hidden' class='gform_hidden' name='gform_submit' value='2' \/>\n            \n            <input type='hidden' class='gform_hidden' name='gform_unique_id' value='' \/>\n            <input type='hidden' class='gform_hidden' name='state_2' value='WyJbXSIsIjQ4ZjRmMzY3MjFiMjQ2ZTgxMDQ5NmEwY2ZmNGIzNzZiIl0=' \/>\n            <input type='hidden' class='gform_hidden' name='gform_target_page_number_2' id='gform_target_page_number_2' value='0' \/>\n            <input type='hidden' class='gform_hidden' name='gform_source_page_number_2' id='gform_source_page_number_2' value='1' \/>\n            <input type='hidden' name='gform_field_values' value='' \/>\n            \n        <\/div>\n                        <\/form>\n                        <\/div><script type=\"text\/javascript\">\n\/* <![CDATA[ *\/\n gform.initializeOnLoaded( function() {gformInitSpinner( 2, 'https:\/\/www.expertise-adn.fr\/wp-content\/plugins\/gravityforms\/images\/spinner.svg', true );jQuery('#gform_ajax_frame_2').on('load',function(){var contents = jQuery(this).contents().find('*').html();var is_postback = contents.indexOf('GF_AJAX_POSTBACK') >= 0;if(!is_postback){return;}var form_content = jQuery(this).contents().find('#gform_wrapper_2');var is_confirmation = jQuery(this).contents().find('#gform_confirmation_wrapper_2').length > 0;var is_redirect = contents.indexOf('gformRedirect(){') >= 0;var is_form = form_content.length > 0 && ! is_redirect && ! is_confirmation;var mt = parseInt(jQuery('html').css('margin-top'), 10) + parseInt(jQuery('body').css('margin-top'), 10) + 100;if(is_form){jQuery('#gform_wrapper_2').html(form_content.html());if(form_content.hasClass('gform_validation_error')){jQuery('#gform_wrapper_2').addClass('gform_validation_error');} else {jQuery('#gform_wrapper_2').removeClass('gform_validation_error');}setTimeout( function() { \/* delay the scroll by 50 milliseconds to fix a bug in chrome *\/  }, 50 );if(window['gformInitDatepicker']) {gformInitDatepicker();}if(window['gformInitPriceFields']) {gformInitPriceFields();}var current_page = jQuery('#gform_source_page_number_2').val();gformInitSpinner( 2, 'https:\/\/www.expertise-adn.fr\/wp-content\/plugins\/gravityforms\/images\/spinner.svg', true );jQuery(document).trigger('gform_page_loaded', [2, current_page]);window['gf_submitting_2'] = false;}else if(!is_redirect){var confirmation_content = jQuery(this).contents().find('.GF_AJAX_POSTBACK').html();if(!confirmation_content){confirmation_content = contents;}setTimeout(function(){jQuery('#gform_wrapper_2').replaceWith(confirmation_content);jQuery(document).trigger('gform_confirmation_loaded', [2]);window['gf_submitting_2'] = false;wp.a11y.speak(jQuery('#gform_confirmation_message_2').text());}, 50);}else{jQuery('#gform_2').append(contents);if(window['gformRedirect']) {gformRedirect();}}jQuery(document).trigger('gform_post_render', [2, current_page]);gform.utils.trigger({ event: 'gform\/postRender', native: false, data: { formId: 2, currentPage: current_page } });} );} ); \n\/* ]]> *\/\n<\/script>\n\n<p><em>Les donn\u00e9es personnelles recueillies dans le cadre de ce formulaire font l\u2019objet d\u2019un traitement informatique.<br \/>\nPour plus d\u2019informations, consultez les <a title=\"Mentions l\u00e9gales\" href=\"https:\/\/www.expertise-adn.fr\/en\/mentions-legales\/\">mentions l\u00e9gales<\/a> du site.<\/em><\/p>\n","protected":false},"excerpt":{"rendered":"<p>N&#8217;h\u00e9sitez pas \u00e0 nous contacter par t\u00e9l\u00e9phone au 05 57 22 03 03 Nous vous rappelons que les prestations d&#8217;Urgence, de Garde \u00e0 Vue ou r\u00e9alis\u00e9es les jours f\u00e9ri\u00e9s, ainsi que les reprises d&#8217;analyses n&#8217;entrainent&#8230;<\/p>\n","protected":false},"author":3,"featured_media":0,"parent":0,"menu_order":0,"comment_status":"open","ping_status":"closed","template":"","meta":{"footnotes":""},"acf":[],"aioseo_notices":[],"_links":{"self":[{"href":"https:\/\/www.expertise-adn.fr\/en\/wp-json\/wp\/v2\/pages\/12\/"}],"collection":[{"href":"https:\/\/www.expertise-adn.fr\/en\/wp-json\/wp\/v2\/pages\/"}],"about":[{"href":"https:\/\/www.expertise-adn.fr\/en\/wp-json\/wp\/v2\/types\/page\/"}],"author":[{"embeddable":true,"href":"https:\/\/www.expertise-adn.fr\/en\/wp-json\/wp\/v2\/users\/3\/"}],"replies":[{"embeddable":true,"href":"https:\/\/www.expertise-adn.fr\/en\/wp-json\/wp\/v2\/comments\/?post=12"}],"version-history":[{"count":10,"href":"https:\/\/www.expertise-adn.fr\/en\/wp-json\/wp\/v2\/pages\/12\/revisions\/"}],"predecessor-version":[{"id":697,"href":"https:\/\/www.expertise-adn.fr\/en\/wp-json\/wp\/v2\/pages\/12\/revisions\/697\/"}],"wp:attachment":[{"href":"https:\/\/www.expertise-adn.fr\/en\/wp-json\/wp\/v2\/media\/?parent=12"}],"curies":[{"name":"wp","href":"https:\/\/api.w.org\/{rel}","templated":true}]}}