
	
	{"id":1146,"date":"2019-02-26T17:27:35","date_gmt":"2019-02-26T16:27:35","guid":{"rendered":"https:\/\/www.expertise-adn.fr\/?page_id=1146"},"modified":"2019-02-26T17:41:08","modified_gmt":"2019-02-26T16:41:08","slug":"donnees-personnelles-gestion-des-demandes-relatives-a-expertise-adn","status":"publish","type":"page","link":"https:\/\/www.expertise-adn.fr\/en\/donnees-personnelles-gestion-des-demandes-relatives-a-expertise-adn\/","title":{"rendered":"Donn\u00e9es personnelles \u2013 Gestion des demandes relatives \u00e0 expertise-adn"},"content":{"rendered":"<p>Le formulaire de demandes relatives au site expertise-adn.fr est un traitement de donn\u00e9es personnelles g\u00e9r\u00e9 par le Laboratoire d\u2019H\u00e9matologie M\u00e9dico-l\u00e9gale SAS de Bordeaux.<\/p>\n<h2>Objet du traitement de donn\u00e9es<\/h2>\n<h3>Finalit\u00e9s<\/h3>\n<p>Le traitement a pour objet la gestion des demandes relatives au Laboratoire d\u2019H\u00e9matologie M\u00e9dico-l\u00e9gale SAS de Bordeaux.<\/p>\n<p>Il permet au Laboratoire d\u2019H\u00e9matologie M\u00e9dico-l\u00e9gale SAS de Bordeaux :<\/p>\n<ul>\n<li>La r\u00e9ception des remarques et signalements adress\u00e9s \u00e0 l\u2019\u00e9quipe du Laboratoire d\u2019H\u00e9matologie M\u00e9dico-l\u00e9gale SAS de Bordeaux<\/li>\n<li>La gestion des suites donn\u00e9es aux questions re\u00e7ues<\/li>\n<\/ul>\n<h3>Base l\u00e9gale<\/h3>\n<p><a href=\"https:\/\/www.cnil.fr\/fr\/reglement-europeen-protection-donnees\/chapitre2#Article6\" target=\"_blank\" rel=\"noopener noreferrer\">Article 6<\/a>\u00a0(1) e du r\u00e8glement g\u00e9n\u00e9ral sur la protection des donn\u00e9es \u2013 RGPD<\/p>\n<h2>Donn\u00e9es trait\u00e9es<\/h2>\n<h3>Cat\u00e9gories de donn\u00e9es trait\u00e9es<\/h3>\n<ul>\n<li>Civilit\u00e9 ;<\/li>\n<li>Nom ;<\/li>\n<li>Pr\u00e9nom ;<\/li>\n<li>Email ;<\/li>\n<li>T\u00e9l\u00e9phone ;<\/li>\n<li>Message.<\/li>\n<\/ul>\n<h3>Source des donn\u00e9es<\/h3>\n<p>Les donn\u00e9es sont transmises par le visiteur du site expertise-adn.fr qui souhaite adresser un message.<\/p>\n<h3>Caract\u00e8re obligatoire du recueil des donn\u00e9es<\/h3>\n<p>Le formulaire de contact du site expertise-adn.fr pr\u00e9voit un recueil obligatoire des donn\u00e9es pour la bonne prise en compte de la demande.<\/p>\n<h3>Prise de d\u00e9cision automatis\u00e9e<\/h3>\n<p>Le traitement ne pr\u00e9voit pas de\u00a0<a href=\"https:\/\/www.cnil.fr\/fr\/reglement-europeen-protection-donnees\/chapitre3#Article22\" target=\"_blank\" rel=\"noopener noreferrer\">prise de d\u00e9cision automatis\u00e9e<\/a>.<\/p>\n<h2>Personnes concern\u00e9es<\/h2>\n<p>Le traitement de donn\u00e9es concerne les personnes qui souhaitent adresser une question ou un signalement au Laboratoire d\u2019H\u00e9matologie M\u00e9dico-l\u00e9gale SAS de Bordeaux.<\/p>\n<h2>Destinataires des donn\u00e9es<\/h2>\n<h3>Cat\u00e9gories de destinataires<\/h3>\n<p>Sont destinataires des donn\u00e9es :<\/p>\n<ul>\n<li>le secr\u00e9taire du Laboratoire d\u2019H\u00e9matologie M\u00e9dico-l\u00e9gale SAS de Bordeaux ;<\/li>\n<li>le cas \u00e9ch\u00e9ant, les autres services du Laboratoire d\u2019H\u00e9matologie M\u00e9dico-l\u00e9gale SAS de Bordeaux.<\/li>\n<\/ul>\n<h3>Transferts des donn\u00e9es hors UE<\/h3>\n<p>Aucun transfert de donn\u00e9es hors de l\u2019Union europ\u00e9enne n\u2019est r\u00e9alis\u00e9.<\/p>\n<h2>Dur\u00e9e de conservation des donn\u00e9es<\/h2>\n<p>Les donn\u00e9es sont conserv\u00e9es 5 ans \u00e0 compter du traitement de la demande.<\/p>\n<h2>S\u00e9curit\u00e9<\/h2>\n<p>Le Laboratoire d\u2019H\u00e9matologie M\u00e9dico-l\u00e9gale SAS de Bordeaux met tout en \u0153uvre afin de s\u00e9curiser les donn\u00e9es personnelles soumises sur le site du Laboratoire d\u2019H\u00e9matologie M\u00e9dico-l\u00e9gale SAS de Bordeaux.<\/p>\n<h2>Vos droits sur les donn\u00e9es vous concernant<\/h2>\n<p>Vous pouvez acc\u00e9der et obtenir copie des donn\u00e9es vous concernant, vous opposer au traitement de ces donn\u00e9es, les faire rectifier ou les faire effacer. Vous disposez \u00e9galement d\u2019un droit \u00e0 la limitation du traitement de vos donn\u00e9es.<\/p>\n<p><a href=\"https:\/\/www.cnil.fr\/fr\/comprendre-vos-droits\" target=\"_blank\" rel=\"noopener noreferrer\">Pour plus d\u2019informations et comprendre vos droits<\/a><\/p>\n<h3>Exercer ses droits<\/h3>\n<p>Le d\u00e9l\u00e9gu\u00e9 \u00e0 la protection des donn\u00e9es (DPO) du Laboratoire d\u2019H\u00e9matologie M\u00e9dico-l\u00e9gale SAS de Bordeaux est votre interlocuteur pour toute demande d\u2019exercice de vos droits sur ce traitement.<\/p>\n<h3>Contacter le DPO par courrier postal<\/h3>\n<p>Le d\u00e9l\u00e9gu\u00e9 \u00e0 la protection des donn\u00e9es:<br \/>\nLaboratoire d\u2019H\u00e9matologie M\u00e9dico-l\u00e9gale SAS de Bordeaux<br \/>\n41-43 avenue de la Re\u0301publique CS51636 33073 BORDEAUX Cedex<\/p>\n<h3>R\u00e9clamation (plainte) aupr\u00e8s de la CNIL<\/h3>\n<p>Si vous estimez, apr\u00e8s nous avoir contact\u00e9s, que vos droits sur vos donn\u00e9es ne sont pas respect\u00e9s, vous pouvez\u00a0<a href=\"https:\/\/www.cnil.fr\/fr\/webform\/adresser-une-plainte\" target=\"_blank\" rel=\"noopener noreferrer\">adresser une r\u00e9clamation (plainte) \u00e0 la CNIL<\/a>.<\/p>\n","protected":false},"excerpt":{"rendered":"<p>Le formulaire de demandes relatives au site expertise-adn.fr est un traitement de donn\u00e9es personnelles g\u00e9r\u00e9 par le Laboratoire d\u2019H\u00e9matologie M\u00e9dico-l\u00e9gale SAS de Bordeaux. Objet du traitement de donn\u00e9es Finalit\u00e9s Le traitement a pour objet la&#8230;<\/p>\n","protected":false},"author":3,"featured_media":0,"parent":0,"menu_order":0,"comment_status":"closed","ping_status":"closed","template":"","meta":{"footnotes":""},"acf":[],"aioseo_notices":[],"_links":{"self":[{"href":"https:\/\/www.expertise-adn.fr\/en\/wp-json\/wp\/v2\/pages\/1146\/"}],"collection":[{"href":"https:\/\/www.expertise-adn.fr\/en\/wp-json\/wp\/v2\/pages\/"}],"about":[{"href":"https:\/\/www.expertise-adn.fr\/en\/wp-json\/wp\/v2\/types\/page\/"}],"author":[{"embeddable":true,"href":"https:\/\/www.expertise-adn.fr\/en\/wp-json\/wp\/v2\/users\/3\/"}],"replies":[{"embeddable":true,"href":"https:\/\/www.expertise-adn.fr\/en\/wp-json\/wp\/v2\/comments\/?post=1146"}],"version-history":[{"count":2,"href":"https:\/\/www.expertise-adn.fr\/en\/wp-json\/wp\/v2\/pages\/1146\/revisions\/"}],"predecessor-version":[{"id":1154,"href":"https:\/\/www.expertise-adn.fr\/en\/wp-json\/wp\/v2\/pages\/1146\/revisions\/1154\/"}],"wp:attachment":[{"href":"https:\/\/www.expertise-adn.fr\/en\/wp-json\/wp\/v2\/media\/?parent=1146"}],"curies":[{"name":"wp","href":"https:\/\/api.w.org\/{rel}","templated":true}]}}